{"id":5413,"date":"2026-03-17T10:36:39","date_gmt":"2026-03-17T10:36:39","guid":{"rendered":"https:\/\/pro.mobby.fun\/?page_id=5413"},"modified":"2026-04-01T14:00:49","modified_gmt":"2026-04-01T14:00:49","slug":"references-3","status":"publish","type":"page","link":"https:\/\/pro.mobby.fun\/index.php\/references-3\/","title":{"rendered":"R\u00e9f\u00e9rences"},"content":{"rendered":"\t\t<div data-elementor-type=\"wp-page\" data-elementor-id=\"5413\" class=\"elementor elementor-5413\">\n\t\t\t\t<div class=\"elementor-element elementor-element-48644e6 e-flex e-con-boxed e-con e-parent\" data-id=\"48644e6\" data-element_type=\"container\" data-e-type=\"container\">\n\t\t\t\t\t<div class=\"e-con-inner\">\n\t\t\t\t\t<\/div>\n\t\t\t\t<\/div>\n\t\t\t\t<section class=\"elementor-section elementor-top-section elementor-element elementor-element-b8733db ot-traditional elementor-section-boxed elementor-section-height-default elementor-section-height-default\" data-id=\"b8733db\" data-element_type=\"section\" data-e-type=\"section\">\n\t\t\t\t\t\t<div class=\"elementor-container elementor-column-gap-default\">\n\t\t\t\t\t<div class=\"elementor-column elementor-col-100 elementor-top-column elementor-element elementor-element-1491f70 ot-flex-column-vertical\" data-id=\"1491f70\" data-element_type=\"column\" data-e-type=\"column\">\n\t\t\t<div class=\"elementor-widget-wrap elementor-element-populated\">\n\t\t\t\t\t\t<div class=\"elementor-element elementor-element-ccff78c elementor-widget elementor-widget-heading\" data-id=\"ccff78c\" data-element_type=\"widget\" data-e-type=\"widget\" data-widget_type=\"heading.default\">\n\t\t\t\t\t<h2 class=\"elementor-heading-title elementor-size-default\">Exemples d'int\u00e9grations chez nos partenaires<\/h2>\t\t\t\t<\/div>\n\t\t\t\t<section class=\"elementor-section elementor-inner-section elementor-element elementor-element-0aceafc elementor-section-full_width ot-traditional elementor-section-height-default elementor-section-height-default\" data-id=\"0aceafc\" data-element_type=\"section\" data-e-type=\"section\">\n\t\t\t\t\t\t<div class=\"elementor-container elementor-column-gap-extended\">\n\t\t\t\t\t<div class=\"elementor-column elementor-col-33 elementor-inner-column elementor-element elementor-element-8688d53 ot-flex-column-vertical\" data-id=\"8688d53\" data-element_type=\"column\" data-e-type=\"column\">\n\t\t\t<div class=\"elementor-widget-wrap elementor-element-populated\">\n\t\t\t\t\t\t<div class=\"elementor-element elementor-element-2831674 elementor-widget elementor-widget-isupport_box\" data-id=\"2831674\" data-element_type=\"widget\" data-e-type=\"widget\" data-widget_type=\"isupport_box.default\">\n\t\t\t\t<div class=\"elementor-widget-container\">\n\t\t\t\t\t\r\n\t\t<div class=\"support-box\">\r\n\t\t\t<div class=\"inner-box\">\r\n\t\t\t\t<div class=\"overlay flex-middle\">\r\n\t\t\t\t\t<span class=\"number-box\"><\/span>\r\n\t\t\t\t\t<div class=\"inner\">\r\n\t\t\t\t\t\t<p>Annuaire des associations de Sport et Loisir de la Communaut\u00e9 d'Agglom\u00e9ration de La Porte du Hainaut<\/p>\r\n\t\t\t\t\t\t<a href=\"https:\/\/www.agglo-porteduhainaut.fr\/votre-quotidien\/sport\/ou-pratiquer\/\" target=\"_blank\" class=\"btn-details\"><i class=\"flaticon-right-arrow-1\"><\/i> Lien<\/a>\r\n\t\t\t\t\t<\/div>\r\n\t\t\t\t<\/div>\r\n\t\t\t\t<div class=\"content-box\">\r\n\t\t\t\t\t<span class=\"number-box\"><\/span>\r\n\t\t\t\t\t<h3><\/h3>\r\n\t\t\t\t\t<img decoding=\"async\" src=\"http:\/\/pro.mobby.fun\/wp-content\/uploads\/2026\/03\/Hainaut_LOGO_web-ref.png\" alt=\"\">\r\n\t\t\t\t<\/div>\r\n\t\t\t<\/div>\r\n\t    <\/div>\r\n\r\n\t    \t\t\t\t<\/div>\n\t\t\t\t<\/div>\n\t\t\t\t\t<\/div>\n\t\t<\/div>\n\t\t\t\t<div class=\"elementor-column elementor-col-33 elementor-inner-column elementor-element elementor-element-96ded27 ot-flex-column-vertical\" data-id=\"96ded27\" data-element_type=\"column\" data-e-type=\"column\">\n\t\t\t<div class=\"elementor-widget-wrap elementor-element-populated\">\n\t\t\t\t\t\t<div class=\"elementor-element elementor-element-96c9465 elementor-widget elementor-widget-isupport_box\" data-id=\"96c9465\" data-element_type=\"widget\" data-e-type=\"widget\" data-widget_type=\"isupport_box.default\">\n\t\t\t\t<div class=\"elementor-widget-container\">\n\t\t\t\t\t\r\n\t\t<div class=\"support-box\">\r\n\t\t\t<div class=\"inner-box\">\r\n\t\t\t\t<div class=\"overlay flex-middle\">\r\n\t\t\t\t\t<span class=\"number-box\"><\/span>\r\n\t\t\t\t\t<div class=\"inner\">\r\n\t\t\t\t\t\t<p>Annuaire des associations parasportives (Handisport et Sport Adapt\u00e9) pour la MDPH des Hautes Pyr\u00e9n\u00e9es.<\/p>\r\n\t\t\t\t\t\t<a href=\"https:\/\/www.hautespyrenees.fr\/la-mdph\/les-associations\/\" target=\"_blank\" class=\"btn-details\"><i class=\"flaticon-right-arrow-1\"><\/i> Lien<\/a>\r\n\t\t\t\t\t<\/div>\r\n\t\t\t\t<\/div>\r\n\t\t\t\t<div class=\"content-box\">\r\n\t\t\t\t\t<span class=\"number-box\"><\/span>\r\n\t\t\t\t\t<h3><\/h3>\r\n\t\t\t\t\t<img decoding=\"async\" src=\"http:\/\/pro.mobby.fun\/wp-content\/uploads\/2026\/03\/HP65-VERTICAL-LOGO-BLEU-Ref.png\" alt=\"\">\r\n\t\t\t\t<\/div>\r\n\t\t\t<\/div>\r\n\t    <\/div>\r\n\r\n\t    \t\t\t\t<\/div>\n\t\t\t\t<\/div>\n\t\t\t\t\t<\/div>\n\t\t<\/div>\n\t\t\t\t<div class=\"elementor-column elementor-col-33 elementor-inner-column elementor-element elementor-element-08e8e41 ot-flex-column-vertical\" data-id=\"08e8e41\" data-element_type=\"column\" data-e-type=\"column\">\n\t\t\t<div class=\"elementor-widget-wrap elementor-element-populated\">\n\t\t\t\t\t\t<div class=\"elementor-element elementor-element-0bf1f92 elementor-widget elementor-widget-isupport_box\" data-id=\"0bf1f92\" data-element_type=\"widget\" data-e-type=\"widget\" data-widget_type=\"isupport_box.default\">\n\t\t\t\t<div class=\"elementor-widget-container\">\n\t\t\t\t\t\r\n\t\t<div class=\"support-box\">\r\n\t\t\t<div class=\"inner-box\">\r\n\t\t\t\t<div class=\"overlay flex-middle\">\r\n\t\t\t\t\t<span class=\"number-box\"><\/span>\r\n\t\t\t\t\t<div class=\"inner\">\r\n\t\t\t\t\t\t<p>Annauire des clubs pour la f\u00e9d\u00e9ration Fran\u00e7aise de Teqball<\/p>\r\n\t\t\t\t\t\t<a href=\"https:\/\/www.fnteq.fr\/chercher-un-club\/\" target=\"_blank\" class=\"btn-details\"><i class=\"flaticon-right-arrow-1\"><\/i> Lien<\/a>\r\n\t\t\t\t\t<\/div>\r\n\t\t\t\t<\/div>\r\n\t\t\t\t<div class=\"content-box\">\r\n\t\t\t\t\t<span class=\"number-box\"><\/span>\r\n\t\t\t\t\t<h3><\/h3>\r\n\t\t\t\t\t<img decoding=\"async\" src=\"http:\/\/pro.mobby.fun\/wp-content\/uploads\/2026\/03\/cropped-FNTEQ_Logo_Symbolesiglecentre_RVB_BD-ref.png\" alt=\"\">\r\n\t\t\t\t<\/div>\r\n\t\t\t<\/div>\r\n\t    <\/div>\r\n\r\n\t    \t\t\t\t<\/div>\n\t\t\t\t<\/div>\n\t\t\t\t\t<\/div>\n\t\t<\/div>\n\t\t\t\t\t<\/div>\n\t\t<\/section>\n\t\t\t\t<section class=\"elementor-section elementor-inner-section elementor-element elementor-element-101840f elementor-section-full_width ot-traditional elementor-section-height-default elementor-section-height-default\" data-id=\"101840f\" data-element_type=\"section\" data-e-type=\"section\">\n\t\t\t\t\t\t<div class=\"elementor-container elementor-column-gap-extended\">\n\t\t\t\t\t<div class=\"elementor-column elementor-col-33 elementor-inner-column elementor-element elementor-element-b1db909 ot-flex-column-vertical\" data-id=\"b1db909\" data-element_type=\"column\" data-e-type=\"column\">\n\t\t\t<div class=\"elementor-widget-wrap elementor-element-populated\">\n\t\t\t\t\t\t<div class=\"elementor-element elementor-element-dcab82b elementor-widget elementor-widget-isupport_box\" data-id=\"dcab82b\" data-element_type=\"widget\" data-e-type=\"widget\" data-widget_type=\"isupport_box.default\">\n\t\t\t\t<div class=\"elementor-widget-container\">\n\t\t\t\t\t\r\n\t\t<div class=\"support-box\">\r\n\t\t\t<div class=\"inner-box\">\r\n\t\t\t\t<div class=\"overlay flex-middle\">\r\n\t\t\t\t\t<span class=\"number-box\"><\/span>\r\n\t\t\t\t\t<div class=\"inner\">\r\n\t\t\t\t\t\t<p>Annuaire des clubs pour la Ligue Ile de France de Sport Adapt\u00e9<\/p>\r\n\t\t\t\t\t\t<a href=\"https:\/\/www.sportadapteiledefrance.org\/mobby\" target=\"_blank\" class=\"btn-details\"><i class=\"flaticon-right-arrow-1\"><\/i> Lien<\/a>\r\n\t\t\t\t\t<\/div>\r\n\t\t\t\t<\/div>\r\n\t\t\t\t<div class=\"content-box\">\r\n\t\t\t\t\t<span class=\"number-box\"><\/span>\r\n\t\t\t\t\t<h3><\/h3>\r\n\t\t\t\t\t<img decoding=\"async\" src=\"http:\/\/pro.mobby.fun\/wp-content\/uploads\/2026\/03\/logo-LISAIDF-ref.png\" alt=\"\">\r\n\t\t\t\t<\/div>\r\n\t\t\t<\/div>\r\n\t    <\/div>\r\n\r\n\t    \t\t\t\t<\/div>\n\t\t\t\t<\/div>\n\t\t\t\t\t<\/div>\n\t\t<\/div>\n\t\t\t\t<div class=\"elementor-column elementor-col-33 elementor-inner-column elementor-element elementor-element-fd5147c ot-flex-column-vertical\" data-id=\"fd5147c\" data-element_type=\"column\" data-e-type=\"column\">\n\t\t\t<div class=\"elementor-widget-wrap elementor-element-populated\">\n\t\t\t\t\t\t<div class=\"elementor-element elementor-element-c2f04ea elementor-widget elementor-widget-isupport_box\" data-id=\"c2f04ea\" data-element_type=\"widget\" data-e-type=\"widget\" data-widget_type=\"isupport_box.default\">\n\t\t\t\t<div class=\"elementor-widget-container\">\n\t\t\t\t\t\r\n\t\t<div class=\"support-box\">\r\n\t\t\t<div class=\"inner-box\">\r\n\t\t\t\t<div class=\"overlay flex-middle\">\r\n\t\t\t\t\t<span class=\"number-box\"><\/span>\r\n\t\t\t\t\t<div class=\"inner\">\r\n\t\t\t\t\t\t<p>Annuaire des clubs pour le Comit\u00e9 d\u00e9partementale de Judo de l'Ain<\/p>\r\n\t\t\t\t\t\t<a href=\"https:\/\/comite01judo.ffjudo.com\/nos-clubs-3\" target=\"_blank\" class=\"btn-details\"><i class=\"flaticon-right-arrow-1\"><\/i> Lien<\/a>\r\n\t\t\t\t\t<\/div>\r\n\t\t\t\t<\/div>\r\n\t\t\t\t<div class=\"content-box\">\r\n\t\t\t\t\t<span class=\"number-box\"><\/span>\r\n\t\t\t\t\t<h3><\/h3>\r\n\t\t\t\t\t<img decoding=\"async\" src=\"http:\/\/pro.mobby.fun\/wp-content\/uploads\/2026\/03\/Logo-Judo-Cd01-ref.png\" alt=\"\">\r\n\t\t\t\t<\/div>\r\n\t\t\t<\/div>\r\n\t    <\/div>\r\n\r\n\t    \t\t\t\t<\/div>\n\t\t\t\t<\/div>\n\t\t\t\t\t<\/div>\n\t\t<\/div>\n\t\t\t\t<div class=\"elementor-column elementor-col-33 elementor-inner-column elementor-element elementor-element-db07cda ot-flex-column-vertical\" data-id=\"db07cda\" data-element_type=\"column\" data-e-type=\"column\">\n\t\t\t<div class=\"elementor-widget-wrap elementor-element-populated\">\n\t\t\t\t\t\t<div class=\"elementor-element elementor-element-c42f5d1 elementor-widget elementor-widget-isupport_box\" data-id=\"c42f5d1\" data-element_type=\"widget\" data-e-type=\"widget\" data-widget_type=\"isupport_box.default\">\n\t\t\t\t<div class=\"elementor-widget-container\">\n\t\t\t\t\t\r\n\t\t<div class=\"support-box\">\r\n\t\t\t<div class=\"inner-box\">\r\n\t\t\t\t<div class=\"overlay flex-middle\">\r\n\t\t\t\t\t<span class=\"number-box\"><\/span>\r\n\t\t\t\t\t<div class=\"inner\">\r\n\t\t\t\t\t\t<p>Annuaire des Clubs pour le Comit\u00e9 d\u00e9partemental de Sport Adapt\u00e9 des Hautes Pyr\u00e9n\u00e9es<\/p>\r\n\t\t\t\t\t\t<a href=\"https:\/\/www.cdsa65.fr\/pratiquer\/\" target=\"_blank\" class=\"btn-details\"><i class=\"flaticon-right-arrow-1\"><\/i> Lien<\/a>\r\n\t\t\t\t\t<\/div>\r\n\t\t\t\t<\/div>\r\n\t\t\t\t<div class=\"content-box\">\r\n\t\t\t\t\t<span class=\"number-box\"><\/span>\r\n\t\t\t\t\t<h3><\/h3>\r\n\t\t\t\t\t<img decoding=\"async\" src=\"http:\/\/pro.mobby.fun\/wp-content\/uploads\/2026\/03\/cropped-CDSA65H-ref.png\" alt=\"\">\r\n\t\t\t\t<\/div>\r\n\t\t\t<\/div>\r\n\t    <\/div>\r\n\r\n\t    \t\t\t\t<\/div>\n\t\t\t\t<\/div>\n\t\t\t\t\t<\/div>\n\t\t<\/div>\n\t\t\t\t\t<\/div>\n\t\t<\/section>\n\t\t\t\t<section class=\"elementor-section elementor-inner-section elementor-element elementor-element-18109cd elementor-section-full_width ot-traditional elementor-section-height-default elementor-section-height-default\" data-id=\"18109cd\" data-element_type=\"section\" data-e-type=\"section\">\n\t\t\t\t\t\t<div class=\"elementor-container elementor-column-gap-extended\">\n\t\t\t\t\t<div class=\"elementor-column elementor-col-33 elementor-inner-column elementor-element elementor-element-8def349 ot-flex-column-vertical\" data-id=\"8def349\" data-element_type=\"column\" data-e-type=\"column\">\n\t\t\t<div class=\"elementor-widget-wrap elementor-element-populated\">\n\t\t\t\t\t\t<div class=\"elementor-element elementor-element-e966796 elementor-widget elementor-widget-isupport_box\" data-id=\"e966796\" data-element_type=\"widget\" data-e-type=\"widget\" data-widget_type=\"isupport_box.default\">\n\t\t\t\t<div class=\"elementor-widget-container\">\n\t\t\t\t\t\r\n\t\t<div class=\"support-box\">\r\n\t\t\t<div class=\"inner-box\">\r\n\t\t\t\t<div class=\"overlay flex-middle\">\r\n\t\t\t\t\t<span class=\"number-box\"><\/span>\r\n\t\t\t\t\t<div class=\"inner\">\r\n\t\t\t\t\t\t<p>Annuaire des Clubs pour le Comit\u00e9 d\u00e9partemental de Sport Adapt\u00e9 de la Seine Saint Denis<\/p>\r\n\t\t\t\t\t\t<a href=\"https:\/\/www.sportadapte93.org\/mobby\" target=\"_blank\" class=\"btn-details\"><i class=\"flaticon-right-arrow-1\"><\/i> Lien<\/a>\r\n\t\t\t\t\t<\/div>\r\n\t\t\t\t<\/div>\r\n\t\t\t\t<div class=\"content-box\">\r\n\t\t\t\t\t<span class=\"number-box\"><\/span>\r\n\t\t\t\t\t<h3><\/h3>\r\n\t\t\t\t\t<img decoding=\"async\" src=\"http:\/\/pro.mobby.fun\/wp-content\/uploads\/2026\/03\/logo-CDSA-93-ref.png\" alt=\"\">\r\n\t\t\t\t<\/div>\r\n\t\t\t<\/div>\r\n\t    <\/div>\r\n\r\n\t    \t\t\t\t<\/div>\n\t\t\t\t<\/div>\n\t\t\t\t\t<\/div>\n\t\t<\/div>\n\t\t\t\t<div class=\"elementor-column elementor-col-33 elementor-inner-column elementor-element elementor-element-52c5dee ot-flex-column-vertical\" data-id=\"52c5dee\" data-element_type=\"column\" data-e-type=\"column\">\n\t\t\t<div class=\"elementor-widget-wrap elementor-element-populated\">\n\t\t\t\t\t\t<div class=\"elementor-element elementor-element-14e84be elementor-widget elementor-widget-isupport_box\" data-id=\"14e84be\" data-element_type=\"widget\" data-e-type=\"widget\" data-widget_type=\"isupport_box.default\">\n\t\t\t\t<div class=\"elementor-widget-container\">\n\t\t\t\t\t\r\n\t\t<div class=\"support-box\">\r\n\t\t\t<div class=\"inner-box\">\r\n\t\t\t\t<div class=\"overlay flex-middle\">\r\n\t\t\t\t\t<span class=\"number-box\"><\/span>\r\n\t\t\t\t\t<div class=\"inner\">\r\n\t\t\t\t\t\t<p>Annuaire complet des associations pour la Mairie du Tampon<\/p>\r\n\t\t\t\t\t\t<a href=\"#\" class=\"btn-details\"><i class=\"flaticon-right-arrow-1\"><\/i> Lien<\/a>\r\n\t\t\t\t\t<\/div>\r\n\t\t\t\t<\/div>\r\n\t\t\t\t<div class=\"content-box\">\r\n\t\t\t\t\t<span class=\"number-box\"><\/span>\r\n\t\t\t\t\t<h3><\/h3>\r\n\t\t\t\t\t<img decoding=\"async\" src=\"http:\/\/pro.mobby.fun\/wp-content\/uploads\/2026\/03\/Logo-le-Tampon-ref.png\" alt=\"\">\r\n\t\t\t\t<\/div>\r\n\t\t\t<\/div>\r\n\t    <\/div>\r\n\r\n\t    \t\t\t\t<\/div>\n\t\t\t\t<\/div>\n\t\t\t\t\t<\/div>\n\t\t<\/div>\n\t\t\t\t<div class=\"elementor-column elementor-col-33 elementor-inner-column elementor-element elementor-element-31e8f8b ot-flex-column-vertical\" data-id=\"31e8f8b\" data-element_type=\"column\" data-e-type=\"column\">\n\t\t\t<div class=\"elementor-widget-wrap elementor-element-populated\">\n\t\t\t\t\t\t<div class=\"elementor-element elementor-element-2a1b8f7 elementor-widget elementor-widget-isupport_box\" data-id=\"2a1b8f7\" data-element_type=\"widget\" data-e-type=\"widget\" data-widget_type=\"isupport_box.default\">\n\t\t\t\t<div class=\"elementor-widget-container\">\n\t\t\t\t\t\r\n\t\t<div class=\"support-box\">\r\n\t\t\t<div class=\"inner-box\">\r\n\t\t\t\t<div class=\"overlay flex-middle\">\r\n\t\t\t\t\t<span class=\"number-box\"><\/span>\r\n\t\t\t\t\t<div class=\"inner\">\r\n\t\t\t\t\t\t<p>Annuaire des Clubs pour le Comit\u00e9 d\u00e9partemental de Sport Adapt\u00e9 de Seine et Marne<\/p>\r\n\t\t\t\t\t\t<a href=\"https:\/\/www.sportadapte77.org\/mobby\" target=\"_blank\" class=\"btn-details\"><i class=\"flaticon-right-arrow-1\"><\/i> Lien<\/a>\r\n\t\t\t\t\t<\/div>\r\n\t\t\t\t<\/div>\r\n\t\t\t\t<div class=\"content-box\">\r\n\t\t\t\t\t<span class=\"number-box\"><\/span>\r\n\t\t\t\t\t<h3><\/h3>\r\n\t\t\t\t\t<img decoding=\"async\" src=\"http:\/\/pro.mobby.fun\/wp-content\/uploads\/2026\/03\/logo-CDSA-77-ref.png\" alt=\"\">\r\n\t\t\t\t<\/div>\r\n\t\t\t<\/div>\r\n\t    <\/div>\r\n\r\n\t    \t\t\t\t<\/div>\n\t\t\t\t<\/div>\n\t\t\t\t\t<\/div>\n\t\t<\/div>\n\t\t\t\t\t<\/div>\n\t\t<\/section>\n\t\t\t\t\t<\/div>\n\t\t<\/div>\n\t\t\t\t\t<\/div>\n\t\t<\/section>\n\t\t\t\t<section class=\"elementor-section elementor-top-section elementor-element elementor-element-3fe32cb ot-traditional elementor-section-boxed elementor-section-height-default elementor-section-height-default\" data-id=\"3fe32cb\" data-element_type=\"section\" data-e-type=\"section\">\n\t\t\t\t\t\t<div class=\"elementor-container elementor-column-gap-default\">\n\t\t\t\t\t<div class=\"elementor-column elementor-col-100 elementor-top-column elementor-element elementor-element-3d6e133 ot-flex-column-vertical\" data-id=\"3d6e133\" data-element_type=\"column\" data-e-type=\"column\">\n\t\t\t<div class=\"elementor-widget-wrap elementor-element-populated\">\n\t\t\t\t\t\t<div class=\"elementor-element elementor-element-a596db4 elementor-widget elementor-widget-heading\" data-id=\"a596db4\" data-element_type=\"widget\" data-e-type=\"widget\" data-widget_type=\"heading.default\">\n\t\t\t\t\t<h2 class=\"elementor-heading-title elementor-size-default\">Un boost des pratiques<\/h2>\t\t\t\t<\/div>\n\t\t\t\t<section class=\"elementor-section elementor-inner-section elementor-element elementor-element-837b6c2 elementor-section-full_width ot-traditional elementor-section-height-default elementor-section-height-default\" data-id=\"837b6c2\" data-element_type=\"section\" data-e-type=\"section\">\n\t\t\t\t\t\t<div class=\"elementor-container elementor-column-gap-extended\">\n\t\t\t\t\t<div class=\"elementor-column elementor-col-50 elementor-inner-column elementor-element elementor-element-6c7839c ot-flex-column-vertical\" data-id=\"6c7839c\" data-element_type=\"column\" data-e-type=\"column\">\n\t\t\t<div class=\"elementor-widget-wrap elementor-element-populated\">\n\t\t\t\t\t\t<div class=\"elementor-element elementor-element-1b013a6 elementor-widget elementor-widget-imessagebox\" data-id=\"1b013a6\" data-element_type=\"widget\" data-e-type=\"widget\" data-widget_type=\"imessagebox.default\">\n\t\t\t\t<div class=\"elementor-widget-container\">\n\t\t\t\t\t\t\t<div class=\"message-box\">\r\n\t\t\t<div class=\"icon-main\">\r\n\t\t        <i class=\"fas fa-wheelchair\"><\/i>\t\t        \t        <\/div>\r\n\t        <div class=\"content-box\">\r\n\t            <h6>Handicap et Para activit\u00e9s<\/h6>\r\n\t            <p>Mettez en avant les associations et les clubs proposant des activit\u00e9s de sport, loisir, d\u00e9tente pour les personnes en situation de handicap ou de d\u00e9pendance.<\/p>\r\n\t        <\/div>\r\n\t        <i class=\"flaticon-close\"><\/i>\r\n\t    <\/div>\r\n\t    \t\t\t\t<\/div>\n\t\t\t\t<\/div>\n\t\t\t\t<div class=\"elementor-element elementor-element-3cd44c1 elementor-widget elementor-widget-imessagebox\" data-id=\"3cd44c1\" data-element_type=\"widget\" data-e-type=\"widget\" data-widget_type=\"imessagebox.default\">\n\t\t\t\t<div class=\"elementor-widget-container\">\n\t\t\t\t\t\t\t<div class=\"message-box\">\r\n\t\t\t<div class=\"icon-main\">\r\n\t\t        <i class=\"fas fa-expand-arrows-alt\"><\/i>\t\t        \t        <\/div>\r\n\t        <div class=\"content-box\">\r\n\t            <h6>Visibilit\u00e9 des associations<\/h6>\r\n\t            <p>Proposez une centralisation des informations de vos associations, tout en leur permettant d'\u00eatre visible sur de  multiples sites internet et plateformes partenaires.<\/p>\r\n\t        <\/div>\r\n\t        <i class=\"flaticon-close\"><\/i>\r\n\t    <\/div>\r\n\t    \t\t\t\t<\/div>\n\t\t\t\t<\/div>\n\t\t\t\t\t<\/div>\n\t\t<\/div>\n\t\t\t\t<div class=\"elementor-column elementor-col-50 elementor-inner-column elementor-element elementor-element-4773705 ot-flex-column-vertical\" data-id=\"4773705\" data-element_type=\"column\" data-e-type=\"column\">\n\t\t\t<div class=\"elementor-widget-wrap elementor-element-populated\">\n\t\t\t\t\t\t<div class=\"elementor-element elementor-element-9489fb0 elementor-widget elementor-widget-imessagebox\" data-id=\"9489fb0\" data-element_type=\"widget\" data-e-type=\"widget\" data-widget_type=\"imessagebox.default\">\n\t\t\t\t<div class=\"elementor-widget-container\">\n\t\t\t\t\t\t\t<div class=\"message-box\">\r\n\t\t\t<div class=\"icon-main\">\r\n\t\t        <i class=\"fas fa-walking\"><\/i>\t\t        \t        <\/div>\r\n\t        <div class=\"content-box\">\r\n\t            <h6>Sport sant\u00e9 - Maisons Sport Sant\u00e9<\/h6>\r\n\t            <p>Mettez en avant les associations et les clubs proposant des activit\u00e9s labellis\u00e9es Sport Sant\u00e9. Retrouvez les Maisons Sport Sant\u00e9 r\u00e9f\u00e9renc\u00e9es sur la plateforme Mobby.<\/p>\r\n\t        <\/div>\r\n\t        <i class=\"flaticon-close\"><\/i>\r\n\t    <\/div>\r\n\t    \t\t\t\t<\/div>\n\t\t\t\t<\/div>\n\t\t\t\t<div class=\"elementor-element elementor-element-5a01f51 elementor-widget elementor-widget-imessagebox\" data-id=\"5a01f51\" data-element_type=\"widget\" data-e-type=\"widget\" data-widget_type=\"imessagebox.default\">\n\t\t\t\t<div class=\"elementor-widget-container\">\n\t\t\t\t\t\t\t<div class=\"message-box\">\r\n\t\t\t<div class=\"icon-main\">\r\n\t\t        <i class=\"fas fa-link\"><\/i>\t\t        \t        <\/div>\r\n\t        <div class=\"content-box\">\r\n\t            <h6>D\u00e9veloppement des pratiques<\/h6>\r\n\t            <p>D\u00e9veloppez les pratiques sportives et loisirs au sein de votre collectivit\u00e9s ou de votre f\u00e9d\u00e9ration. Accroitre le nombre de pratiquants, et dynamiser la vie associative.<\/p>\r\n\t        <\/div>\r\n\t        <i class=\"flaticon-close\"><\/i>\r\n\t    <\/div>\r\n\t    \t\t\t\t<\/div>\n\t\t\t\t<\/div>\n\t\t\t\t\t<\/div>\n\t\t<\/div>\n\t\t\t\t\t<\/div>\n\t\t<\/section>\n\t\t\t\t\t<\/div>\n\t\t<\/div>\n\t\t\t\t\t<\/div>\n\t\t<\/section>\n\t\t\t\t<\/div>\n\t\t","protected":false},"excerpt":{"rendered":"<p>Exemples d&#8217;int\u00e9grations chez nos partenaires Annuaire des associations de Sport et Loisir de la Communaut\u00e9 d&#8217;Agglom\u00e9ration de La Porte du Hainaut Lien Annuaire des associations parasportives (Handisport et Sport Adapt\u00e9) pour la MDPH des Hautes Pyr\u00e9n\u00e9es. Lien Annauire des clubs pour la f\u00e9d\u00e9ration Fran\u00e7aise de Teqball Lien Annuaire des clubs pour la Ligue Ile de [&hellip;]<\/p>\n","protected":false},"author":1,"featured_media":0,"parent":0,"menu_order":0,"comment_status":"closed","ping_status":"closed","template":"","meta":{"footnotes":""},"class_list":["post-5413","page","type-page","status-publish","hentry"],"_links":{"self":[{"href":"https:\/\/pro.mobby.fun\/index.php\/wp-json\/wp\/v2\/pages\/5413","targetHints":{"allow":["GET"]}}],"collection":[{"href":"https:\/\/pro.mobby.fun\/index.php\/wp-json\/wp\/v2\/pages"}],"about":[{"href":"https:\/\/pro.mobby.fun\/index.php\/wp-json\/wp\/v2\/types\/page"}],"author":[{"embeddable":true,"href":"https:\/\/pro.mobby.fun\/index.php\/wp-json\/wp\/v2\/users\/1"}],"replies":[{"embeddable":true,"href":"https:\/\/pro.mobby.fun\/index.php\/wp-json\/wp\/v2\/comments?post=5413"}],"version-history":[{"count":21,"href":"https:\/\/pro.mobby.fun\/index.php\/wp-json\/wp\/v2\/pages\/5413\/revisions"}],"predecessor-version":[{"id":5552,"href":"https:\/\/pro.mobby.fun\/index.php\/wp-json\/wp\/v2\/pages\/5413\/revisions\/5552"}],"wp:attachment":[{"href":"https:\/\/pro.mobby.fun\/index.php\/wp-json\/wp\/v2\/media?parent=5413"}],"curies":[{"name":"wp","href":"https:\/\/api.w.org\/{rel}","templated":true}]}}